{"id":292,"date":"2014-09-19T13:28:53","date_gmt":"2014-09-19T11:28:53","guid":{"rendered":"http:\/\/ogs-rheinschule.de\/?page_id=292"},"modified":"2021-11-23T10:24:35","modified_gmt":"2021-11-23T09:24:35","slug":"impressum","status":"publish","type":"page","link":"https:\/\/ogs-rheinschule.de\/?page_id=292","title":{"rendered":"Impressum"},"content":{"rendered":"<p><strong>OGS Rheinschule<\/strong><br \/>\nOGS-Leitung: Dabrowka Kolodziejski<br \/>\nD\u00fcsseldorfer Stra\u00dfe 9<br \/>\n51063 K\u00f6ln<br \/>\nTel.: 0221 \/ 96 42 513<br \/>\ndabrowka.kolodziejski@netzwerk.koeln<\/p>\n<h3>Tr\u00e4ger der OGS Rheinschule<\/h3>\n<p>Netzwerk e.V. \u2013 Soziale Dienste und \u00d6kologische Bildung<br \/>\nLongericher Stra\u00dfe 136<br \/>\n50739 K\u00f6ln-Bilderst\u00f6ckchen<br \/>\n<a href=\"https:\/\/netzwerk.koeln\" target=\"_blank\" rel=\"noopener\">www.netzwerk.koeln<\/a><\/p>\n<p><a href=\"https:\/\/netzwerk.koeln\" target=\"_blank\" rel=\"noopener\"><img loading=\"lazy\" decoding=\"async\" class=\"size-full wp-image-1337 alignnone\" src=\"https:\/\/ogs-rheinschule.de\/wp-content\/uploads\/2021\/11\/netzwerk_logo_2019.gif\" alt=\"\" width=\"228\" height=\"54\" \/><\/a><\/p>\n<h3>Haftungshinweis<\/h3>\n<p>Trotz sorgf\u00e4ltiger inhaltlicher Kontrolle \u00fcbernehmen wir keine Haftung f\u00fcr die Inhalte externer Links. F\u00fcr die Inhalte der verlinkten Seiten sind ausschlie\u00dflich deren Betreiber verantwortlich.<\/p>\n<h3>Urheberrecht<\/h3>\n<p>Die Inhalte dieser Seiten sind urheberrechtlich gesch\u00fctzt. F\u00fcr die Ver\u00f6ffentlichung aller Texte und Bilder \u2013 gleich auf welchem Medium \u2013 bedarf es der schriftlichen Genehmigung der OGS Rheinschule.<\/p>\n","protected":false},"excerpt":{"rendered":"<p>OGS Rheinschule OGS-Leitung: Dabrowka Kolodziejski D\u00fcsseldorfer Stra\u00dfe 9 51063 K\u00f6ln Tel.: 0221 \/ 96 42 513 dabrowka.kolodziejski@netzwerk.koeln Tr\u00e4ger der OGS Rheinschule Netzwerk e.V. \u2013 Soziale Dienste und \u00d6kologische Bildung Longericher Stra\u00dfe 136 50739 K\u00f6ln-Bilderst\u00f6ckchen www.netzwerk.koeln Haftungshinweis Trotz sorgf\u00e4ltiger inhaltlicher Kontrolle &hellip; <a href=\"https:\/\/ogs-rheinschule.de\/?page_id=292\">Weiterlesen <span class=\"meta-nav\">&rarr;<\/span><\/a><\/p>\n","protected":false},"author":2,"featured_media":0,"parent":0,"menu_order":11,"comment_status":"closed","ping_status":"closed","template":"onecolumn-page.php","meta":{"footnotes":""},"class_list":["post-292","page","type-page","status-publish","hentry"],"_links":{"self":[{"href":"https:\/\/ogs-rheinschule.de\/index.php?rest_route=\/wp\/v2\/pages\/292","targetHints":{"allow":["GET"]}}],"collection":[{"href":"https:\/\/ogs-rheinschule.de\/index.php?rest_route=\/wp\/v2\/pages"}],"about":[{"href":"https:\/\/ogs-rheinschule.de\/index.php?rest_route=\/wp\/v2\/types\/page"}],"author":[{"embeddable":true,"href":"https:\/\/ogs-rheinschule.de\/index.php?rest_route=\/wp\/v2\/users\/2"}],"replies":[{"embeddable":true,"href":"https:\/\/ogs-rheinschule.de\/index.php?rest_route=%2Fwp%2Fv2%2Fcomments&post=292"}],"version-history":[{"count":13,"href":"https:\/\/ogs-rheinschule.de\/index.php?rest_route=\/wp\/v2\/pages\/292\/revisions"}],"predecessor-version":[{"id":1338,"href":"https:\/\/ogs-rheinschule.de\/index.php?rest_route=\/wp\/v2\/pages\/292\/revisions\/1338"}],"wp:attachment":[{"href":"https:\/\/ogs-rheinschule.de\/index.php?rest_route=%2Fwp%2Fv2%2Fmedia&parent=292"}],"curies":[{"name":"wp","href":"https:\/\/api.w.org\/{rel}","templated":true}]}}