{"id":68,"date":"2013-09-16T21:29:32","date_gmt":"2013-09-16T19:29:32","guid":{"rendered":"http:\/\/ogs-rheinschule.de\/?page_id=68"},"modified":"2025-10-23T15:12:53","modified_gmt":"2025-10-23T13:12:53","slug":"home","status":"publish","type":"page","link":"https:\/\/ogs-rheinschule.de\/","title":{"rendered":"Herzlich Willkommen auf der Webseite der OGS Rheinschule"},"content":{"rendered":"\n<p>Sie finden hier aktuelle Informationen \u00fcber die Offene Ganztagsschule der GGS M\u00fclheimer Freiheit \u2013 Rheinschule, Berichte zu aktuellen Ereignissen und Veranstaltungen, Pr\u00e4sentationen unserer Arbeit und vieles mehr.<\/p>\n\n\n\n<p>Hier k\u00f6nnen Sie sich das <a href=\"https:\/\/ogs-rheinschule.de\/wp-content\/uploads\/2025\/10\/Konzept_21_10_2025.pdf\" target=\"_blank\" rel=\"noreferrer noopener\">Konzept der OGS Rheinschule<\/a> downloaden.<\/p>\n\n\n\n<p>Wichtige Infos rund um die OGS Rheinschule:<\/p>\n\n\n\n<p><a href=\"https:\/\/ogs-rheinschule.de\/wp-content\/uploads\/2025\/10\/OGS-Rheinschule-2.pdf\" target=\"_blank\" rel=\"noreferrer noopener\">Informationen Elternabend OGS 2025\/26<\/a><\/p>\n\n\n\n<p>M\u00f6chten Sie f\u00fcr ihr Kind ein OGS Platz sichern? Hier k\u00f6nnen Sie eine OGS Voranmeldung herunterladen. Das digital ausgef\u00fclltes Formular senden Sie an:<\/p>\n\n\n\n<p>dabrowka.kolodziejski@netzwerk.koeln<\/p>\n\n\n\n<p><a href=\"https:\/\/ogs-rheinschule.de\/wp-content\/uploads\/2025\/10\/5_1_5_Formular_Voranmeldung_2026-2027.pdf\" target=\"_blank\" rel=\"noreferrer noopener\">Formular OGS Voranmeldung 2026\/2027<\/a><\/p>\n\n\n<\/p>","protected":false},"excerpt":{"rendered":"<p>Sie finden hier aktuelle Informationen \u00fcber die Offene Ganztagsschule der GGS M\u00fclheimer Freiheit \u2013 Rheinschule, Berichte zu aktuellen Ereignissen und Veranstaltungen, Pr\u00e4sentationen unserer Arbeit und vieles mehr. Hier k\u00f6nnen Sie sich das Konzept der OGS Rheinschule downloaden. Wichtige Infos rund &hellip; <a href=\"https:\/\/ogs-rheinschule.de\/\">Weiterlesen <span class=\"meta-nav\">&rarr;<\/span><\/a><\/p>\n","protected":false},"author":2,"featured_media":0,"parent":0,"menu_order":-1,"comment_status":"closed","ping_status":"closed","template":"onecolumn-page.php","meta":{"footnotes":""},"class_list":["post-68","page","type-page","status-publish","hentry"],"_links":{"self":[{"href":"https:\/\/ogs-rheinschule.de\/index.php?rest_route=\/wp\/v2\/pages\/68","targetHints":{"allow":["GET"]}}],"collection":[{"href":"https:\/\/ogs-rheinschule.de\/index.php?rest_route=\/wp\/v2\/pages"}],"about":[{"href":"https:\/\/ogs-rheinschule.de\/index.php?rest_route=\/wp\/v2\/types\/page"}],"author":[{"embeddable":true,"href":"https:\/\/ogs-rheinschule.de\/index.php?rest_route=\/wp\/v2\/users\/2"}],"replies":[{"embeddable":true,"href":"https:\/\/ogs-rheinschule.de\/index.php?rest_route=%2Fwp%2Fv2%2Fcomments&post=68"}],"version-history":[{"count":21,"href":"https:\/\/ogs-rheinschule.de\/index.php?rest_route=\/wp\/v2\/pages\/68\/revisions"}],"predecessor-version":[{"id":2837,"href":"https:\/\/ogs-rheinschule.de\/index.php?rest_route=\/wp\/v2\/pages\/68\/revisions\/2837"}],"wp:attachment":[{"href":"https:\/\/ogs-rheinschule.de\/index.php?rest_route=%2Fwp%2Fv2%2Fmedia&parent=68"}],"curies":[{"name":"wp","href":"https:\/\/api.w.org\/{rel}","templated":true}]}}